{"id":226,"date":"2020-07-10T11:17:50","date_gmt":"2020-07-10T09:17:50","guid":{"rendered":"https:\/\/tsc-dorsten.eu\/?page_id=226"},"modified":"2020-07-10T11:17:50","modified_gmt":"2020-07-10T09:17:50","slug":"2017-3","status":"publish","type":"page","link":"https:\/\/tsc-dorsten.eu\/?page_id=226","title":{"rendered":"2017"},"content":{"rendered":"\n<figure class=\"wp-block-image size-large\"><img loading=\"lazy\" decoding=\"async\" width=\"866\" height=\"494\" src=\"https:\/\/tsc-dorsten.eu\/wp-content\/uploads\/2020\/07\/2017-11-2.Mannschaft.jpg\" alt=\"\" class=\"wp-image-227\" srcset=\"https:\/\/tsc-dorsten.eu\/wp-content\/uploads\/2020\/07\/2017-11-2.Mannschaft.jpg 866w, https:\/\/tsc-dorsten.eu\/wp-content\/uploads\/2020\/07\/2017-11-2.Mannschaft-300x171.jpg 300w, https:\/\/tsc-dorsten.eu\/wp-content\/uploads\/2020\/07\/2017-11-2.Mannschaft-768x438.jpg 768w\" sizes=\"auto, (max-width: 706px) 89vw, (max-width: 767px) 82vw, 740px\" \/><figcaption>Unsere 2. Mannschaft besuchte im November das Zweitliga-Spiel Borussia Dortmund \u2013 1. FC K\u00f6ln (5:5). Die Spieler des 1. FC K\u00f6ln stellten sich freundlicherweise f\u00fcr ein Gruppenbild zur Verf\u00fcgung. Hinten v. l. ?, Volker Scherweit, Marius Heinisch, Mark Zielinski, Robin Malessa, Markus Merz, Lennart Wehking. Vorne v. l. Alberto Mi\u00f1o, Michael Fuhrmann, Bj\u00f6rn Helbing, Gianluca Walther<\/figcaption><\/figure>\n","protected":false},"excerpt":{"rendered":"","protected":false},"author":1,"featured_media":0,"parent":0,"menu_order":0,"comment_status":"closed","ping_status":"closed","template":"","meta":{"footnotes":""},"class_list":["post-226","page","type-page","status-publish","hentry"],"_links":{"self":[{"href":"https:\/\/tsc-dorsten.eu\/index.php?rest_route=\/wp\/v2\/pages\/226","targetHints":{"allow":["GET"]}}],"collection":[{"href":"https:\/\/tsc-dorsten.eu\/index.php?rest_route=\/wp\/v2\/pages"}],"about":[{"href":"https:\/\/tsc-dorsten.eu\/index.php?rest_route=\/wp\/v2\/types\/page"}],"author":[{"embeddable":true,"href":"https:\/\/tsc-dorsten.eu\/index.php?rest_route=\/wp\/v2\/users\/1"}],"replies":[{"embeddable":true,"href":"https:\/\/tsc-dorsten.eu\/index.php?rest_route=%2Fwp%2Fv2%2Fcomments&post=226"}],"version-history":[{"count":1,"href":"https:\/\/tsc-dorsten.eu\/index.php?rest_route=\/wp\/v2\/pages\/226\/revisions"}],"predecessor-version":[{"id":228,"href":"https:\/\/tsc-dorsten.eu\/index.php?rest_route=\/wp\/v2\/pages\/226\/revisions\/228"}],"wp:attachment":[{"href":"https:\/\/tsc-dorsten.eu\/index.php?rest_route=%2Fwp%2Fv2%2Fmedia&parent=226"}],"curies":[{"name":"wp","href":"https:\/\/api.w.org\/{rel}","templated":true}]}}